{"id":572,"date":"2021-12-03T15:06:56","date_gmt":"2021-12-03T14:06:56","guid":{"rendered":"https:\/\/sottungsbyfbk.fi\/historia\/"},"modified":"2022-03-06T14:51:01","modified_gmt":"2022-03-06T13:51:01","slug":"historia","status":"publish","type":"page","link":"https:\/\/sottungsbyfbk.fi\/fi\/historia\/","title":{"rendered":"Historia"},"content":{"rendered":"<p>[et_pb_section fb_built=&#8221;1&#8243; _builder_version=&#8221;4.14.1&#8243; _module_preset=&#8221;default&#8221; global_colors_info=&#8221;{}&#8221;][et_pb_row _builder_version=&#8221;4.14.1&#8243; _module_preset=&#8221;default&#8221; global_colors_info=&#8221;{}&#8221;][et_pb_column type=&#8221;4_4&#8243; _builder_version=&#8221;4.14.1&#8243; _module_preset=&#8221;default&#8221; global_colors_info=&#8221;{}&#8221;][et_pb_text _builder_version=&#8221;4.14.1&#8243; _module_preset=&#8221;default&#8221; header_2_text_align=&#8221;center&#8221; global_colors_info=&#8221;{}&#8221;]<\/p>\n<h2>Historia<\/h2>\n<p>[\/et_pb_text][\/et_pb_column][\/et_pb_row][et_pb_row _builder_version=&#8221;4.14.1&#8243; _module_preset=&#8221;default&#8221; global_colors_info=&#8221;{}&#8221;][et_pb_column type=&#8221;4_4&#8243; _builder_version=&#8221;4.14.1&#8243; _module_preset=&#8221;default&#8221; global_colors_info=&#8221;{}&#8221;][et_pb_text _builder_version=&#8221;4.14.8&#8243; _module_preset=&#8221;default&#8221; text_font_size=&#8221;18px&#8221; hover_enabled=&#8221;0&#8243; global_colors_info=&#8221;{}&#8221; sticky_enabled=&#8221;0&#8243;]<span class=\"firstcharacter\">S<\/span>ottungsby FBK perustettiin 31.7.1921 silloisessa Helsingin maalaiskunnassa. Nyky\u00e4\u00e4n kunta tunnetaan Vantaan kaupunkina. Palokunnan ensimm\u00e4inen asema valmistui 1920-luvulla. Asema kunnostettiin 1980- ja 1990-luvuilla ja siirrettiin nykyiselle paikalleen M\u00e4ntykummuntielle 2000-luvun alussa.<\/p>\n<p>Toinen asema avattiin 1950-luvulla. Asemaa laajennettiin 70-luvulla, jolloin saatiin asianmukaiset peseytymistilat ja talonmiehen asunto suurennettua noin 80 neli\u00f6n kokoiseksi. Vuoden 2006 alussa otettiin k\u00e4ytt\u00f6\u00f6n uusin asema, joka rakennettiin samaan pihapiiriin toisen aseman kanssa. Uudella asemalla on kolme autopaikkaa.[\/et_pb_text][\/et_pb_column][\/et_pb_row][et_pb_row column_structure=&#8221;1_3,1_3,1_3&#8243; _builder_version=&#8221;4.14.1&#8243; _module_preset=&#8221;default&#8221; global_colors_info=&#8221;{}&#8221;][et_pb_column type=&#8221;1_3&#8243; _builder_version=&#8221;4.14.1&#8243; _module_preset=&#8221;default&#8221; global_colors_info=&#8221;{}&#8221;][et_pb_image src=&#8221;https:\/\/sottungsbyfbk.fi\/wp-content\/uploads\/2021\/12\/historia1-1.jpg&#8221; title_text=&#8221;historia 1&#8243; _builder_version=&#8221;4.14.6&#8243; _module_preset=&#8221;default&#8221; box_shadow_style=&#8221;preset3&#8243; global_colors_info=&#8221;{}&#8221;][\/et_pb_image][et_pb_text _builder_version=&#8221;4.14.1&#8243; _module_preset=&#8221;default&#8221; global_colors_info=&#8221;{}&#8221;]<\/p>\n<p style=\"text-align: center;\">Fargo ja Kulkuri moottoriruisku harjoituksissa.<\/p>\n<p>[\/et_pb_text][\/et_pb_column][et_pb_column type=&#8221;1_3&#8243; _builder_version=&#8221;4.14.1&#8243; _module_preset=&#8221;default&#8221; global_colors_info=&#8221;{}&#8221;][et_pb_image src=&#8221;https:\/\/sottungsbyfbk.fi\/wp-content\/uploads\/2021\/12\/historia2-1.jpg&#8221; title_text=&#8221;historia 2&#8243; _builder_version=&#8221;4.14.1&#8243; _module_preset=&#8221;default&#8221; box_shadow_style=&#8221;preset3&#8243; global_colors_info=&#8221;{}&#8221;][\/et_pb_image][et_pb_text _builder_version=&#8221;4.14.4&#8243; _module_preset=&#8221;default&#8221; global_colors_info=&#8221;{}&#8221;]<\/p>\n<p style=\"text-align: center;\">Harjoitus k\u00e4ynniss\u00e4.<\/p>\n<p>[\/et_pb_text][\/et_pb_column][et_pb_column type=&#8221;1_3&#8243; _builder_version=&#8221;4.14.1&#8243; _module_preset=&#8221;default&#8221; global_colors_info=&#8221;{}&#8221;][et_pb_image src=&#8221;https:\/\/sottungsbyfbk.fi\/wp-content\/uploads\/2021\/12\/historia3.jpg&#8221; title_text=&#8221;historia 3&#8243; _builder_version=&#8221;4.14.1&#8243; _module_preset=&#8221;default&#8221; box_shadow_style=&#8221;preset3&#8243; global_colors_info=&#8221;{}&#8221;][\/et_pb_image][et_pb_text _builder_version=&#8221;4.14.1&#8243; _module_preset=&#8221;default&#8221; global_colors_info=&#8221;{}&#8221;]<\/p>\n<p style=\"text-align: center;\">Padasjoen nuorisoleirileiri.<\/p>\n<p>[\/et_pb_text][\/et_pb_column][\/et_pb_row][et_pb_row _builder_version=&#8221;4.14.6&#8243; _module_preset=&#8221;default&#8221; global_colors_info=&#8221;{}&#8221;][et_pb_column type=&#8221;4_4&#8243; _builder_version=&#8221;4.14.6&#8243; _module_preset=&#8221;default&#8221; global_colors_info=&#8221;{}&#8221;][et_pb_text _builder_version=&#8221;4.14.6&#8243; _module_preset=&#8221;default&#8221; text_font_size=&#8221;18px&#8221; global_colors_info=&#8221;{}&#8221;]<\/p>\n<p>&nbsp;<\/p>\n<p>Ensimm\u00e4iset 30 toimintavuotta palokunta tuli toimeen ilman omia ajoneuvoja. Kyl\u00e4l\u00e4iset auttoivat hevosillaan ja vetiv\u00e4t sammutuskaluston perille hevosk\u00e4rryill\u00e4\u00e4n. My\u00f6hemmin k\u00e4ytettiin my\u00f6s kyl\u00e4l\u00e4isten kuorma-autoja. Ensimm\u00e4inen oma paloauto hankittiin 1950-luvulla. Se oli Jeeppi, jossa oli avolava ja palomiehet istuivat lavalla pieness\u00e4 vanerimajassa. Vuosina 1962 &#8211; 91 palokunnalla oli k\u00e4yt\u00f6ss\u00e4\u00e4n Fargo D500 -merkkinen paloauto.<\/p>\n<p>[\/et_pb_text][\/et_pb_column][\/et_pb_row][et_pb_row column_structure=&#8221;1_2,1_2&#8243; _builder_version=&#8221;4.14.6&#8243; _module_preset=&#8221;default&#8221; global_colors_info=&#8221;{}&#8221;][et_pb_column type=&#8221;1_2&#8243; _builder_version=&#8221;4.14.6&#8243; _module_preset=&#8221;default&#8221; global_colors_info=&#8221;{}&#8221;][et_pb_image src=&#8221;https:\/\/sottungsbyfbk.fi\/wp-content\/uploads\/2022\/01\/fargo3a.jpg&#8221; title_text=&#8221;fargo3a&#8221; _builder_version=&#8221;4.14.6&#8243; _module_preset=&#8221;default&#8221; box_shadow_style=&#8221;preset3&#8243; global_colors_info=&#8221;{}&#8221;][\/et_pb_image][\/et_pb_column][et_pb_column type=&#8221;1_2&#8243; _builder_version=&#8221;4.14.6&#8243; _module_preset=&#8221;default&#8221; global_colors_info=&#8221;{}&#8221;][et_pb_text _builder_version=&#8221;4.14.6&#8243; _module_preset=&#8221;default&#8221; header_2_text_align=&#8221;center&#8221; global_colors_info=&#8221;{}&#8221;]<\/p>\n<h3 style=\"text-align: center;\">Fargo D500 museoauto<\/h3>\n<p>[\/et_pb_text][et_pb_text _builder_version=&#8221;4.14.6&#8243; _module_preset=&#8221;default&#8221; global_colors_info=&#8221;{}&#8221;]<\/p>\n<p>Vuonna 1962 palokunta sai ensimm\u00e4isen oikean paloautonsa. Helsingin maalaiskunta oli samoihin aikoihin perustanut oman vakituisen palokunnan mutta hankki my\u00f6s Sotungin VPK:lle upouuden Fargo-paloauton. Auto palveli uskollisesti melkein 30 vuotta, kunnes palokunta osti uudemman auton 1991. Auto kunnostettiin 1990-luvun lopussa ja viel\u00e4 2000-luvulla. Kun Fargo tuli palokunnan k\u00e4ytt\u00f6\u00f6n se oli kaikkein tehokkain paloauto Helsingin maalaiskunnassa 202:n hevosvoiman moottorillaan. Autossa oli nokkapumppu ja 1500 litran vesis\u00e4ili\u00f6.<\/p>\n<p>[\/et_pb_text][\/et_pb_column][\/et_pb_row][et_pb_row column_structure=&#8221;1_2,1_2&#8243; _builder_version=&#8221;4.14.6&#8243; _module_preset=&#8221;default&#8221; global_colors_info=&#8221;{}&#8221;][et_pb_column type=&#8221;1_2&#8243; _builder_version=&#8221;4.14.6&#8243; _module_preset=&#8221;default&#8221; global_colors_info=&#8221;{}&#8221;][et_pb_text _builder_version=&#8221;4.14.6&#8243; _module_preset=&#8221;default&#8221; header_2_text_align=&#8221;center&#8221; global_colors_info=&#8221;{}&#8221;]<\/p>\n<h3 style=\"text-align: center;\">Museoasema<\/h3>\n<p>[\/et_pb_text][et_pb_text _builder_version=&#8221;4.14.6&#8243; _module_preset=&#8221;default&#8221; global_colors_info=&#8221;{}&#8221;]<\/p>\n<p>Palokunnan ensimm\u00e4inen asema rakennettiin 20-luvun lopulla keskelle kyl\u00e4\u00e4. Oltuaan melko pitk\u00e4\u00e4n yksityisen omistuksessa, palokunta sai aseman haltuunsa taas 90-luvulla. Asema kunnostettiin, koska se oli vuosien mittaan rapistunut. Paloasema oli kuitenkin vuokramaalla, eik\u00e4 maanomistaja halunnut jatkaa vuokrasopimusta. T\u00e4m\u00e4n vuoksi asema siirrettiin alkuper\u00e4iselt\u00e4 paikaltaan vuonna 2001. Palokunta sai vuokrata nykyisen maapohjan kaupungilta &#8211; vain noin 100 metri\u00e4 nykyiselt\u00e4 asemalta. Museoasemaa k\u00e4ytet\u00e4\u00e4n p\u00e4\u00e4asiassa museokaluston s\u00e4ilytykseen.<\/p>\n<p>[\/et_pb_text][\/et_pb_column][et_pb_column type=&#8221;1_2&#8243; _builder_version=&#8221;4.14.6&#8243; _module_preset=&#8221;default&#8221; global_colors_info=&#8221;{}&#8221;][et_pb_image src=&#8221;https:\/\/sottungsbyfbk.fi\/wp-content\/uploads\/2022\/01\/museistationen.jpg&#8221; title_text=&#8221;museoasema&#8221; _builder_version=&#8221;4.14.6&#8243; _module_preset=&#8221;default&#8221; box_shadow_style=&#8221;preset3&#8243; global_colors_info=&#8221;{}&#8221;][\/et_pb_image][\/et_pb_column][\/et_pb_row][\/et_pb_section]<\/p>\n","protected":false},"excerpt":{"rendered":"<p>HistoriaSottungsby FBK perustettiin 31.7.1921 silloisessa Helsingin maalaiskunnassa. Nyky\u00e4\u00e4n kunta tunnetaan Vantaan kaupunkina. Palokunnan ensimm\u00e4inen asema valmistui 1920-luvulla. Asema kunnostettiin 1980- ja 1990-luvuilla ja siirrettiin nykyiselle paikalleen M\u00e4ntykummuntielle 2000-luvun alussa. Toinen asema avattiin 1950-luvulla. Asemaa laajennettiin 70-luvulla, jolloin saatiin asianmukaiset peseytymistilat ja talonmiehen asunto suurennettua noin 80 neli\u00f6n kokoiseksi. Vuoden 2006 alussa otettiin k\u00e4ytt\u00f6\u00f6n uusin asema, [&hellip;]<\/p>\n","protected":false},"author":1,"featured_media":0,"parent":0,"menu_order":0,"comment_status":"closed","ping_status":"closed","template":"","meta":{"_et_pb_use_builder":"on","_et_pb_old_content":"","_et_gb_content_width":"","footnotes":""},"class_list":["post-572","page","type-page","status-publish","hentry"],"_links":{"self":[{"href":"https:\/\/sottungsbyfbk.fi\/fi\/wp-json\/wp\/v2\/pages\/572","targetHints":{"allow":["GET"]}}],"collection":[{"href":"https:\/\/sottungsbyfbk.fi\/fi\/wp-json\/wp\/v2\/pages"}],"about":[{"href":"https:\/\/sottungsbyfbk.fi\/fi\/wp-json\/wp\/v2\/types\/page"}],"author":[{"embeddable":true,"href":"https:\/\/sottungsbyfbk.fi\/fi\/wp-json\/wp\/v2\/users\/1"}],"replies":[{"embeddable":true,"href":"https:\/\/sottungsbyfbk.fi\/fi\/wp-json\/wp\/v2\/comments?post=572"}],"version-history":[{"count":14,"href":"https:\/\/sottungsbyfbk.fi\/fi\/wp-json\/wp\/v2\/pages\/572\/revisions"}],"predecessor-version":[{"id":656,"href":"https:\/\/sottungsbyfbk.fi\/fi\/wp-json\/wp\/v2\/pages\/572\/revisions\/656"}],"wp:attachment":[{"href":"https:\/\/sottungsbyfbk.fi\/fi\/wp-json\/wp\/v2\/media?parent=572"}],"curies":[{"name":"wp","href":"https:\/\/api.w.org\/{rel}","templated":true}]}}