{"id":578,"date":"2021-11-25T16:36:04","date_gmt":"2021-11-25T15:36:04","guid":{"rendered":"https:\/\/sottungsbyfbk.fi\/asemat\/"},"modified":"2022-02-07T12:44:20","modified_gmt":"2022-02-07T11:44:20","slug":"asemat","status":"publish","type":"page","link":"https:\/\/sottungsbyfbk.fi\/fi\/asemat\/","title":{"rendered":"Asemat"},"content":{"rendered":"<p>[et_pb_section fb_built=&#8221;1&#8243; _builder_version=&#8221;4.14.1&#8243; _module_preset=&#8221;default&#8221; global_colors_info=&#8221;{}&#8221;][et_pb_row _builder_version=&#8221;4.14.1&#8243; _module_preset=&#8221;default&#8221; global_colors_info=&#8221;{}&#8221;][et_pb_column type=&#8221;4_4&#8243; _builder_version=&#8221;4.14.1&#8243; _module_preset=&#8221;default&#8221; global_colors_info=&#8221;{}&#8221;][et_pb_text _builder_version=&#8221;4.14.6&#8243; _module_preset=&#8221;default&#8221; header_2_text_align=&#8221;center&#8221; global_colors_info=&#8221;{}&#8221;]<\/p>\n<h2>Paloasemamme<\/h2>\n<p>[\/et_pb_text][et_pb_text _builder_version=&#8221;4.14.7&#8243; _module_preset=&#8221;default&#8221; text_font_size=&#8221;18px&#8221; hover_enabled=&#8221;0&#8243; global_colors_info=&#8221;{}&#8221; sticky_enabled=&#8221;0&#8243;]<span class=\"firstcharacter\">P<\/span>alokunnalla on kolme omaa asemaa. Palokunnanm\u00e4ell\u00e4 on 2 asemaa aktiivik\u00e4yt\u00f6ss\u00e4, p\u00e4ivitt\u00e4isess\u00e4 toiminnassa. Uusin asema valmistui joulukuussa 2005 ja samassa pihapiiriss\u00e4 on 1950-luvulta vanha asema, joka peruskorjattiin vuonna 2020. Palokunnan ensimm\u00e4inen asema, 1920-luvun lopulta, on runsaan 100 metrin p\u00e4\u00e4ss\u00e4 nykyisist\u00e4 asemista. Sit\u00e4 s\u00e4ilytet\u00e4\u00e4n p\u00e4\u00e4asiassa museok\u00e4ytt\u00f6\u00e4 varten.[\/et_pb_text][\/et_pb_column][\/et_pb_row][et_pb_row column_structure=&#8221;1_3,1_3,1_3&#8243; _builder_version=&#8221;4.14.1&#8243; _module_preset=&#8221;default&#8221; global_colors_info=&#8221;{}&#8221;][et_pb_column type=&#8221;1_3&#8243; _builder_version=&#8221;4.14.1&#8243; _module_preset=&#8221;default&#8221; global_colors_info=&#8221;{}&#8221;][et_pb_image src=&#8221;https:\/\/sottungsbyfbk.fi\/wp-content\/uploads\/2021\/12\/nyastationen-1.jpg&#8221; title_text=&#8221;uusi asema&#8221; _builder_version=&#8221;4.14.1&#8243; _module_preset=&#8221;default&#8221; global_colors_info=&#8221;{}&#8221;][\/et_pb_image][et_pb_text _builder_version=&#8221;4.14.1&#8243; _module_preset=&#8221;default&#8221; text_orientation=&#8221;center&#8221; global_colors_info=&#8221;{}&#8221;]<\/p>\n<p>Uusi asema<\/p>\n<p>[\/et_pb_text][\/et_pb_column][et_pb_column type=&#8221;1_3&#8243; _builder_version=&#8221;4.14.1&#8243; _module_preset=&#8221;default&#8221; global_colors_info=&#8221;{}&#8221;][et_pb_image src=&#8221;https:\/\/sottungsbyfbk.fi\/wp-content\/uploads\/2021\/12\/gamlastationen-1.jpg&#8221; title_text=&#8221;vanha asema&#8221; _builder_version=&#8221;4.14.1&#8243; _module_preset=&#8221;default&#8221; global_colors_info=&#8221;{}&#8221;][\/et_pb_image][et_pb_text _builder_version=&#8221;4.14.1&#8243; _module_preset=&#8221;default&#8221; text_orientation=&#8221;center&#8221; global_colors_info=&#8221;{}&#8221;]<\/p>\n<p>Vanha asema<\/p>\n<p>[\/et_pb_text][\/et_pb_column][et_pb_column type=&#8221;1_3&#8243; _builder_version=&#8221;4.14.1&#8243; _module_preset=&#8221;default&#8221; global_colors_info=&#8221;{}&#8221;][et_pb_image src=&#8221;https:\/\/sottungsbyfbk.fi\/wp-content\/uploads\/2021\/12\/museistationen-1.jpg&#8221; title_text=&#8221;museo asema&#8221; _builder_version=&#8221;4.14.1&#8243; _module_preset=&#8221;default&#8221; global_colors_info=&#8221;{}&#8221;][\/et_pb_image][et_pb_text _builder_version=&#8221;4.14.1&#8243; _module_preset=&#8221;default&#8221; text_orientation=&#8221;center&#8221; global_colors_info=&#8221;{}&#8221;]<\/p>\n<p>Museoasema<\/p>\n<p>[\/et_pb_text][\/et_pb_column][\/et_pb_row][\/et_pb_section]<\/p>\n","protected":false},"excerpt":{"rendered":"<p>PaloasemammePalokunnalla on kolme omaa asemaa. Palokunnanm\u00e4ell\u00e4 on 2 asemaa aktiivik\u00e4yt\u00f6ss\u00e4, p\u00e4ivitt\u00e4isess\u00e4 toiminnassa. Uusin asema valmistui joulukuussa 2005 ja samassa pihapiiriss\u00e4 on 1950-luvulta vanha asema, joka peruskorjattiin vuonna 2020. Palokunnan ensimm\u00e4inen asema, 1920-luvun lopulta, on runsaan 100 metrin p\u00e4\u00e4ss\u00e4 nykyisist\u00e4 asemista. Sit\u00e4 s\u00e4ilytet\u00e4\u00e4n p\u00e4\u00e4asiassa museok\u00e4ytt\u00f6\u00e4 varten.Uusi asemaVanha asemaMuseoasema<\/p>\n","protected":false},"author":1,"featured_media":0,"parent":0,"menu_order":0,"comment_status":"closed","ping_status":"closed","template":"","meta":{"_et_pb_use_builder":"on","_et_pb_old_content":"","_et_gb_content_width":"","footnotes":""},"class_list":["post-578","page","type-page","status-publish","hentry"],"_links":{"self":[{"href":"https:\/\/sottungsbyfbk.fi\/fi\/wp-json\/wp\/v2\/pages\/578","targetHints":{"allow":["GET"]}}],"collection":[{"href":"https:\/\/sottungsbyfbk.fi\/fi\/wp-json\/wp\/v2\/pages"}],"about":[{"href":"https:\/\/sottungsbyfbk.fi\/fi\/wp-json\/wp\/v2\/types\/page"}],"author":[{"embeddable":true,"href":"https:\/\/sottungsbyfbk.fi\/fi\/wp-json\/wp\/v2\/users\/1"}],"replies":[{"embeddable":true,"href":"https:\/\/sottungsbyfbk.fi\/fi\/wp-json\/wp\/v2\/comments?post=578"}],"version-history":[{"count":11,"href":"https:\/\/sottungsbyfbk.fi\/fi\/wp-json\/wp\/v2\/pages\/578\/revisions"}],"predecessor-version":[{"id":629,"href":"https:\/\/sottungsbyfbk.fi\/fi\/wp-json\/wp\/v2\/pages\/578\/revisions\/629"}],"wp:attachment":[{"href":"https:\/\/sottungsbyfbk.fi\/fi\/wp-json\/wp\/v2\/media?parent=578"}],"curies":[{"name":"wp","href":"https:\/\/api.w.org\/{rel}","templated":true}]}}